{"id":1734,"date":"2024-11-09T09:23:51","date_gmt":"2024-11-09T08:23:51","guid":{"rendered":"https:\/\/healthlinkdistributors.com\/?post_type=product&#038;p=1734"},"modified":"2024-11-11T09:57:55","modified_gmt":"2024-11-11T08:57:55","slug":"centrifugeuse-prp-prf","status":"publish","type":"product","link":"https:\/\/healthlinkdistributors.com\/?product=centrifugeuse-prp-prf","title":{"rendered":"Centrifugeuse PRP-PRF"},"content":{"rendered":"<p>La centrifugeuse \u00e0 plasma riche en plaquettes d&rsquo;Integrity permet aux cabinets de disposer de la technologie n\u00e9cessaire \u00e0 l&rsquo;extraction du plasma des globules rouges. Notre centrifugeuse conviviale, \u00e9quip\u00e9e d&rsquo;un affichage num\u00e9rique, permet aux m\u00e9decins et aux infirmi\u00e8res praticiennes de r\u00e9gler facilement les param\u00e8tres n\u00e9cessaires \u00e0 leurs traitements PRP ou PRF.<\/p>\n","protected":false},"excerpt":{"rendered":"<ul>\n<li>Mod\u00e8le : CF0506Plage de vitesse : 300-5000 tr\/min, incr\u00e9ment: 10 tr\/min<\/li>\n<li>Max. FCR : 2350xg, incr\u00e9ment : 10g<\/li>\n<li>Pr\u00e9cision de la vitesse : \u00b120 tr\/min<\/li>\n<li>Capacit\u00e9 du rotor : 6&#215;15 ml\/10 ml\/7 ml\/1,5-5 ml<\/li>\n<li>Dur\u00e9e : 30 secondes \u00e0 99 minutes, HD (fonctionnement continu)<\/li>\n<li>Afficher : \u00c9cran LCD<\/li>\n<li>M\u00e9moire des programmes : 2<\/li>\n<li>Acc\u00e9l\u00e9ration\/D\u00e9c\u00e9l\u00e9ration : 1 2<\/li>\n<li>Dispositifs de s\u00e9curit\u00e9 : Verrouillage de porte, d\u00e9tecteur de survitesse; Diagnostic interne automatique<\/li>\n<li>Moteur : Moteur \u00e0 courant continu sans balais<\/li>\n<li>Dimension [L\u00d7P\u00d7H] : 300\u00d7240\u00d7180mm<\/li>\n<li>Poids : 5,2 kg<\/li>\n<\/ul>\n","protected":false},"featured_media":1423,"comment_status":"open","ping_status":"closed","template":"","meta":{"_uag_custom_page_level_css":"","site-sidebar-layout":"default","site-content-layout":"","ast-site-content-layout":"default","site-content-style":"default","site-sidebar-style":"default","ast-global-header-display":"","ast-banner-title-visibility":"","ast-main-header-display":"","ast-hfb-above-header-display":"","ast-hfb-below-header-display":"","ast-hfb-mobile-header-display":"","site-post-title":"","ast-breadcrumbs-content":"","ast-featured-img":"","footer-sml-layout":"","ast-disable-related-posts":"","theme-transparent-header-meta":"default","adv-header-id-meta":"","stick-header-meta":"","header-above-stick-meta":"","header-main-stick-meta":"","header-below-stick-meta":"","astra-migrate-meta-layouts":"set","ast-page-background-enabled":"default","ast-page-background-meta":{"desktop":{"background-color":"","background-image":"","background-repeat":"repeat","background-position":"center center","background-size":"auto","background-attachment":"scroll","background-type":"","background-media":"","overlay-type":"","overlay-color":"","overlay-opacity":"","overlay-gradient":""},"tablet":{"background-color":"","background-image":"","background-repeat":"repeat","background-position":"center center","background-size":"auto","background-attachment":"scroll","background-type":"","background-media":"","overlay-type":"","overlay-color":"","overlay-opacity":"","overlay-gradient":""},"mobile":{"background-color":"","background-image":"","background-repeat":"repeat","background-position":"center center","background-size":"auto","background-attachment":"scroll","background-type":"","background-media":"","overlay-type":"","overlay-color":"","overlay-opacity":"","overlay-gradient":""}},"ast-content-background-meta":{"desktop":{"background-color":"var(--ast-global-color-4)","background-image":"","background-repeat":"repeat","background-position":"center center","background-size":"auto","background-attachment":"scroll","background-type":"","background-media":"","overlay-type":"","overlay-color":"","overlay-opacity":"","overlay-gradient":""},"tablet":{"background-color":"var(--ast-global-color-4)","background-image":"","background-repeat":"repeat","background-position":"center center","background-size":"auto","background-attachment":"scroll","background-type":"","background-media":"","overlay-type":"","overlay-color":"","overlay-opacity":"","overlay-gradient":""},"mobile":{"background-color":"var(--ast-global-color-4)","background-image":"","background-repeat":"repeat","background-position":"center center","background-size":"auto","background-attachment":"scroll","background-type":"","background-media":"","overlay-type":"","overlay-color":"","overlay-opacity":"","overlay-gradient":""}}},"product_brand":[],"product_cat":[32,30],"product_tag":[],"class_list":{"0":"post-1734","1":"product","2":"type-product","3":"status-publish","4":"has-post-thumbnail","6":"product_cat-instrument-laboratoire","7":"product_cat-produit-de-medecine-esthetique","8":"desktop-align-left","9":"tablet-align-left","10":"mobile-align-left","12":"first","13":"instock","14":"shipping-taxable","15":"product-type-simple"},"yoast_head":"<!-- This site is optimized with the Yoast SEO plugin v24.5 - https:\/\/yoast.com\/wordpress\/plugins\/seo\/ -->\n<title>Centrifugeuse PRP-PRF - healthlinkdistributors<\/title>\n<meta name=\"robots\" content=\"index, follow, max-snippet:-1, max-image-preview:large, max-video-preview:-1\" \/>\n<link rel=\"canonical\" href=\"https:\/\/healthlinkdistributors.com\/?product=centrifugeuse-prp-prf\" \/>\n<meta property=\"og:locale\" content=\"fr_FR\" \/>\n<meta property=\"og:type\" content=\"article\" \/>\n<meta property=\"og:title\" content=\"Centrifugeuse PRP-PRF - healthlinkdistributors\" \/>\n<meta property=\"og:description\" content=\"Mod\u00e8le : CF0506Plage de vitesse : 300-5000 tr\/min, incr\u00e9ment: 10 tr\/min  Max. FCR : 2350xg, incr\u00e9ment : 10g  Pr\u00e9cision de la vitesse : \u00b120 tr\/min  Capacit\u00e9 du rotor : 6x15 ml\/10 ml\/7 ml\/1,5-5 ml  Dur\u00e9e : 30 secondes \u00e0 99 minutes, HD (fonctionnement continu)  Afficher : \u00c9cran LCD  M\u00e9moire des programmes : 2  Acc\u00e9l\u00e9ration\/D\u00e9c\u00e9l\u00e9ration : 1 2  Dispositifs de s\u00e9curit\u00e9 : Verrouillage de porte, d\u00e9tecteur de survitesse; Diagnostic interne automatique  Moteur : Moteur \u00e0 courant continu sans balais  Dimension [L\u00d7P\u00d7H] : 300\u00d7240\u00d7180mm  Poids : 5,2 kg\" \/>\n<meta property=\"og:url\" content=\"https:\/\/healthlinkdistributors.com\/?product=centrifugeuse-prp-prf\" \/>\n<meta property=\"og:site_name\" content=\"healthlinkdistributors\" \/>\n<meta property=\"article:publisher\" content=\"https:\/\/www.facebook.com\/share\/1C3ZdXDcGK\/?mibextid=wwXIfr\" \/>\n<meta property=\"article:modified_time\" content=\"2024-11-11T08:57:55+00:00\" \/>\n<meta property=\"og:image\" content=\"https:\/\/healthlinkdistributors.com\/wp-content\/uploads\/2024\/11\/31qTU1BWNYL.jpg\" \/>\n\t<meta property=\"og:image:width\" content=\"500\" \/>\n\t<meta property=\"og:image:height\" content=\"500\" \/>\n\t<meta property=\"og:image:type\" content=\"image\/jpeg\" \/>\n<meta name=\"twitter:card\" content=\"summary_large_image\" \/>\n<script type=\"application\/ld+json\" class=\"yoast-schema-graph\">{\"@context\":\"https:\/\/schema.org\",\"@graph\":[{\"@type\":\"WebPage\",\"@id\":\"https:\/\/healthlinkdistributors.com\/?product=centrifugeuse-prp-prf\",\"url\":\"https:\/\/healthlinkdistributors.com\/?product=centrifugeuse-prp-prf\",\"name\":\"Centrifugeuse PRP-PRF - healthlinkdistributors\",\"isPartOf\":{\"@id\":\"https:\/\/healthlinkdistributors.com\/#website\"},\"primaryImageOfPage\":{\"@id\":\"https:\/\/healthlinkdistributors.com\/?product=centrifugeuse-prp-prf#primaryimage\"},\"image\":{\"@id\":\"https:\/\/healthlinkdistributors.com\/?product=centrifugeuse-prp-prf#primaryimage\"},\"thumbnailUrl\":\"https:\/\/healthlinkdistributors.com\/wp-content\/uploads\/2024\/11\/31qTU1BWNYL.jpg\",\"datePublished\":\"2024-11-09T08:23:51+00:00\",\"dateModified\":\"2024-11-11T08:57:55+00:00\",\"breadcrumb\":{\"@id\":\"https:\/\/healthlinkdistributors.com\/?product=centrifugeuse-prp-prf#breadcrumb\"},\"inLanguage\":\"fr-FR\",\"potentialAction\":[{\"@type\":\"ReadAction\",\"target\":[\"https:\/\/healthlinkdistributors.com\/?product=centrifugeuse-prp-prf\"]}]},{\"@type\":\"ImageObject\",\"inLanguage\":\"fr-FR\",\"@id\":\"https:\/\/healthlinkdistributors.com\/?product=centrifugeuse-prp-prf#primaryimage\",\"url\":\"https:\/\/healthlinkdistributors.com\/wp-content\/uploads\/2024\/11\/31qTU1BWNYL.jpg\",\"contentUrl\":\"https:\/\/healthlinkdistributors.com\/wp-content\/uploads\/2024\/11\/31qTU1BWNYL.jpg\",\"width\":500,\"height\":500,\"caption\":\"Version 1.0.0\"},{\"@type\":\"BreadcrumbList\",\"@id\":\"https:\/\/healthlinkdistributors.com\/?product=centrifugeuse-prp-prf#breadcrumb\",\"itemListElement\":[{\"@type\":\"ListItem\",\"position\":1,\"name\":\"Accueil\",\"item\":\"https:\/\/healthlinkdistributors.com\/\"},{\"@type\":\"ListItem\",\"position\":2,\"name\":\"Boutique\",\"item\":\"https:\/\/healthlinkdistributors.com\/?page_id=1526\"},{\"@type\":\"ListItem\",\"position\":3,\"name\":\"Centrifugeuse PRP-PRF\"}]},{\"@type\":\"WebSite\",\"@id\":\"https:\/\/healthlinkdistributors.com\/#website\",\"url\":\"https:\/\/healthlinkdistributors.com\/\",\"name\":\"healthlinkdistributors\",\"description\":\"\",\"publisher\":{\"@id\":\"https:\/\/healthlinkdistributors.com\/#organization\"},\"potentialAction\":[{\"@type\":\"SearchAction\",\"target\":{\"@type\":\"EntryPoint\",\"urlTemplate\":\"https:\/\/healthlinkdistributors.com\/?s={search_term_string}\"},\"query-input\":{\"@type\":\"PropertyValueSpecification\",\"valueRequired\":true,\"valueName\":\"search_term_string\"}}],\"inLanguage\":\"fr-FR\"},{\"@type\":\"Organization\",\"@id\":\"https:\/\/healthlinkdistributors.com\/#organization\",\"name\":\"healthlinkdistributors\",\"url\":\"https:\/\/healthlinkdistributors.com\/\",\"logo\":{\"@type\":\"ImageObject\",\"inLanguage\":\"fr-FR\",\"@id\":\"https:\/\/healthlinkdistributors.com\/#\/schema\/logo\/image\/\",\"url\":\"https:\/\/healthlinkdistributors.com\/wp-content\/uploads\/2024\/11\/cropped-IMG_8390.png\",\"contentUrl\":\"https:\/\/healthlinkdistributors.com\/wp-content\/uploads\/2024\/11\/cropped-IMG_8390.png\",\"width\":572,\"height\":202,\"caption\":\"healthlinkdistributors\"},\"image\":{\"@id\":\"https:\/\/healthlinkdistributors.com\/#\/schema\/logo\/image\/\"},\"sameAs\":[\"https:\/\/www.facebook.com\/share\/1C3ZdXDcGK\/?mibextid=wwXIfr\"]}]}<\/script>\n<!-- \/ Yoast SEO plugin. -->","yoast_head_json":{"title":"Centrifugeuse PRP-PRF - healthlinkdistributors","robots":{"index":"index","follow":"follow","max-snippet":"max-snippet:-1","max-image-preview":"max-image-preview:large","max-video-preview":"max-video-preview:-1"},"canonical":"https:\/\/healthlinkdistributors.com\/?product=centrifugeuse-prp-prf","og_locale":"fr_FR","og_type":"article","og_title":"Centrifugeuse PRP-PRF - healthlinkdistributors","og_description":"Mod\u00e8le : CF0506Plage de vitesse : 300-5000 tr\/min, incr\u00e9ment: 10 tr\/min  Max. FCR : 2350xg, incr\u00e9ment : 10g  Pr\u00e9cision de la vitesse : \u00b120 tr\/min  Capacit\u00e9 du rotor : 6x15 ml\/10 ml\/7 ml\/1,5-5 ml  Dur\u00e9e : 30 secondes \u00e0 99 minutes, HD (fonctionnement continu)  Afficher : \u00c9cran LCD  M\u00e9moire des programmes : 2  Acc\u00e9l\u00e9ration\/D\u00e9c\u00e9l\u00e9ration : 1 2  Dispositifs de s\u00e9curit\u00e9 : Verrouillage de porte, d\u00e9tecteur de survitesse; Diagnostic interne automatique  Moteur : Moteur \u00e0 courant continu sans balais  Dimension [L\u00d7P\u00d7H] : 300\u00d7240\u00d7180mm  Poids : 5,2 kg","og_url":"https:\/\/healthlinkdistributors.com\/?product=centrifugeuse-prp-prf","og_site_name":"healthlinkdistributors","article_publisher":"https:\/\/www.facebook.com\/share\/1C3ZdXDcGK\/?mibextid=wwXIfr","article_modified_time":"2024-11-11T08:57:55+00:00","og_image":[{"width":500,"height":500,"url":"https:\/\/healthlinkdistributors.com\/wp-content\/uploads\/2024\/11\/31qTU1BWNYL.jpg","type":"image\/jpeg"}],"twitter_card":"summary_large_image","schema":{"@context":"https:\/\/schema.org","@graph":[{"@type":"WebPage","@id":"https:\/\/healthlinkdistributors.com\/?product=centrifugeuse-prp-prf","url":"https:\/\/healthlinkdistributors.com\/?product=centrifugeuse-prp-prf","name":"Centrifugeuse PRP-PRF - healthlinkdistributors","isPartOf":{"@id":"https:\/\/healthlinkdistributors.com\/#website"},"primaryImageOfPage":{"@id":"https:\/\/healthlinkdistributors.com\/?product=centrifugeuse-prp-prf#primaryimage"},"image":{"@id":"https:\/\/healthlinkdistributors.com\/?product=centrifugeuse-prp-prf#primaryimage"},"thumbnailUrl":"https:\/\/healthlinkdistributors.com\/wp-content\/uploads\/2024\/11\/31qTU1BWNYL.jpg","datePublished":"2024-11-09T08:23:51+00:00","dateModified":"2024-11-11T08:57:55+00:00","breadcrumb":{"@id":"https:\/\/healthlinkdistributors.com\/?product=centrifugeuse-prp-prf#breadcrumb"},"inLanguage":"fr-FR","potentialAction":[{"@type":"ReadAction","target":["https:\/\/healthlinkdistributors.com\/?product=centrifugeuse-prp-prf"]}]},{"@type":"ImageObject","inLanguage":"fr-FR","@id":"https:\/\/healthlinkdistributors.com\/?product=centrifugeuse-prp-prf#primaryimage","url":"https:\/\/healthlinkdistributors.com\/wp-content\/uploads\/2024\/11\/31qTU1BWNYL.jpg","contentUrl":"https:\/\/healthlinkdistributors.com\/wp-content\/uploads\/2024\/11\/31qTU1BWNYL.jpg","width":500,"height":500,"caption":"Version 1.0.0"},{"@type":"BreadcrumbList","@id":"https:\/\/healthlinkdistributors.com\/?product=centrifugeuse-prp-prf#breadcrumb","itemListElement":[{"@type":"ListItem","position":1,"name":"Accueil","item":"https:\/\/healthlinkdistributors.com\/"},{"@type":"ListItem","position":2,"name":"Boutique","item":"https:\/\/healthlinkdistributors.com\/?page_id=1526"},{"@type":"ListItem","position":3,"name":"Centrifugeuse PRP-PRF"}]},{"@type":"WebSite","@id":"https:\/\/healthlinkdistributors.com\/#website","url":"https:\/\/healthlinkdistributors.com\/","name":"healthlinkdistributors","description":"","publisher":{"@id":"https:\/\/healthlinkdistributors.com\/#organization"},"potentialAction":[{"@type":"SearchAction","target":{"@type":"EntryPoint","urlTemplate":"https:\/\/healthlinkdistributors.com\/?s={search_term_string}"},"query-input":{"@type":"PropertyValueSpecification","valueRequired":true,"valueName":"search_term_string"}}],"inLanguage":"fr-FR"},{"@type":"Organization","@id":"https:\/\/healthlinkdistributors.com\/#organization","name":"healthlinkdistributors","url":"https:\/\/healthlinkdistributors.com\/","logo":{"@type":"ImageObject","inLanguage":"fr-FR","@id":"https:\/\/healthlinkdistributors.com\/#\/schema\/logo\/image\/","url":"https:\/\/healthlinkdistributors.com\/wp-content\/uploads\/2024\/11\/cropped-IMG_8390.png","contentUrl":"https:\/\/healthlinkdistributors.com\/wp-content\/uploads\/2024\/11\/cropped-IMG_8390.png","width":572,"height":202,"caption":"healthlinkdistributors"},"image":{"@id":"https:\/\/healthlinkdistributors.com\/#\/schema\/logo\/image\/"},"sameAs":["https:\/\/www.facebook.com\/share\/1C3ZdXDcGK\/?mibextid=wwXIfr"]}]}},"jetpack_sharing_enabled":true,"uagb_featured_image_src":{"full":["https:\/\/healthlinkdistributors.com\/wp-content\/uploads\/2024\/11\/31qTU1BWNYL.jpg",500,500,false],"thumbnail":["https:\/\/healthlinkdistributors.com\/wp-content\/uploads\/2024\/11\/31qTU1BWNYL-150x150.jpg",150,150,true],"medium":["https:\/\/healthlinkdistributors.com\/wp-content\/uploads\/2024\/11\/31qTU1BWNYL-300x300.jpg",300,300,true],"medium_large":["https:\/\/healthlinkdistributors.com\/wp-content\/uploads\/2024\/11\/31qTU1BWNYL.jpg",500,500,false],"large":["https:\/\/healthlinkdistributors.com\/wp-content\/uploads\/2024\/11\/31qTU1BWNYL.jpg",500,500,false],"1536x1536":["https:\/\/healthlinkdistributors.com\/wp-content\/uploads\/2024\/11\/31qTU1BWNYL.jpg",500,500,false],"2048x2048":["https:\/\/healthlinkdistributors.com\/wp-content\/uploads\/2024\/11\/31qTU1BWNYL.jpg",500,500,false],"mailpoet_newsletter_max":["https:\/\/healthlinkdistributors.com\/wp-content\/uploads\/2024\/11\/31qTU1BWNYL.jpg",500,500,false],"woocommerce_thumbnail":["https:\/\/healthlinkdistributors.com\/wp-content\/uploads\/2024\/11\/31qTU1BWNYL-300x300.jpg",300,300,true],"woocommerce_single":["https:\/\/healthlinkdistributors.com\/wp-content\/uploads\/2024\/11\/31qTU1BWNYL.jpg",500,500,false],"woocommerce_gallery_thumbnail":["https:\/\/healthlinkdistributors.com\/wp-content\/uploads\/2024\/11\/31qTU1BWNYL-100x100.jpg",100,100,true]},"uagb_author_info":{"display_name":"Healthlink","author_link":"https:\/\/healthlinkdistributors.com\/?author=0"},"uagb_comment_info":0,"uagb_excerpt":"Mod\u00e8le : CF0506Plage de vitesse : 300-5000 tr\/min, incr\u00e9ment: 10 tr\/min Max. FCR : 2350xg, incr\u00e9ment : 10g Pr\u00e9cision de la vitesse : \u00b120 tr\/min Capacit\u00e9 du rotor : 6x15 ml\/10 ml\/7 ml\/1,5-5 ml Dur\u00e9e : 30 secondes \u00e0 99 minutes, HD (fonctionnement continu) Afficher : \u00c9cran LCD M\u00e9moire des programmes : 2 Acc\u00e9l\u00e9ration\/D\u00e9c\u00e9l\u00e9ration :\u2026","_links":{"self":[{"href":"https:\/\/healthlinkdistributors.com\/index.php?rest_route=\/wp\/v2\/product\/1734"}],"collection":[{"href":"https:\/\/healthlinkdistributors.com\/index.php?rest_route=\/wp\/v2\/product"}],"about":[{"href":"https:\/\/healthlinkdistributors.com\/index.php?rest_route=\/wp\/v2\/types\/product"}],"replies":[{"embeddable":true,"href":"https:\/\/healthlinkdistributors.com\/index.php?rest_route=%2Fwp%2Fv2%2Fcomments&post=1734"}],"version-history":[{"count":3,"href":"https:\/\/healthlinkdistributors.com\/index.php?rest_route=\/wp\/v2\/product\/1734\/revisions"}],"predecessor-version":[{"id":1798,"href":"https:\/\/healthlinkdistributors.com\/index.php?rest_route=\/wp\/v2\/product\/1734\/revisions\/1798"}],"wp:featuredmedia":[{"embeddable":true,"href":"https:\/\/healthlinkdistributors.com\/index.php?rest_route=\/wp\/v2\/media\/1423"}],"wp:attachment":[{"href":"https:\/\/healthlinkdistributors.com\/index.php?rest_route=%2Fwp%2Fv2%2Fmedia&parent=1734"}],"wp:term":[{"taxonomy":"product_brand","embeddable":true,"href":"https:\/\/healthlinkdistributors.com\/index.php?rest_route=%2Fwp%2Fv2%2Fproduct_brand&post=1734"},{"taxonomy":"product_cat","embeddable":true,"href":"https:\/\/healthlinkdistributors.com\/index.php?rest_route=%2Fwp%2Fv2%2Fproduct_cat&post=1734"},{"taxonomy":"product_tag","embeddable":true,"href":"https:\/\/healthlinkdistributors.com\/index.php?rest_route=%2Fwp%2Fv2%2Fproduct_tag&post=1734"}],"curies":[{"name":"wp","href":"https:\/\/api.w.org\/{rel}","templated":true}]}}