{"id":1724,"date":"2024-11-09T09:20:27","date_gmt":"2024-11-09T08:20:27","guid":{"rendered":"https:\/\/healthlinkdistributors.com\/?post_type=product&#038;p=1724"},"modified":"2024-11-09T15:49:07","modified_gmt":"2024-11-09T14:49:07","slug":"tube-prp-acda-gel-biotine-10ml","status":"publish","type":"product","link":"https:\/\/healthlinkdistributors.com\/?product=tube-prp-acda-gel-biotine-10ml","title":{"rendered":"Tube PRP ACDA-GEL Biotine 10ml"},"content":{"rendered":"<p class=\"p1\">Les tubes additionn\u00e9s de biotine sont devenus populaires pour stimuler la croissance des cheveux. La biotine, une vitamine B, est reconnue pour renforcer les follicules pileux et favoriser la sant\u00e9 capillaire. Utilis\u00e9s r\u00e9guli\u00e8rement, ces tubes peuvent aider \u00e0 am\u00e9liorer la texture des cheveux, r\u00e9duire la chute et promouvoir une croissance plus rapide. Incorporer ce type de traitement dans sa routine capillaire peut donc \u00eatre une option int\u00e9ressante pour ceux en qu\u00eate de cheveux plus \u00e9pais et en meilleure sant\u00e9.<\/p>\n","protected":false},"excerpt":{"rendered":"<ul>\n<li>Tube PRP ACDA-GEL Biotine<\/li>\n<li>Volume : 10ml<\/li>\n<li>Sachet Unitaire<\/li>\n<li>St\u00e9rile<\/li>\n<\/ul>\n","protected":false},"featured_media":1416,"comment_status":"open","ping_status":"closed","template":"","meta":{"_uag_custom_page_level_css":"","site-sidebar-layout":"default","site-content-layout":"","ast-site-content-layout":"default","site-content-style":"default","site-sidebar-style":"default","ast-global-header-display":"","ast-banner-title-visibility":"","ast-main-header-display":"","ast-hfb-above-header-display":"","ast-hfb-below-header-display":"","ast-hfb-mobile-header-display":"","site-post-title":"","ast-breadcrumbs-content":"","ast-featured-img":"","footer-sml-layout":"","ast-disable-related-posts":"","theme-transparent-header-meta":"default","adv-header-id-meta":"","stick-header-meta":"","header-above-stick-meta":"","header-main-stick-meta":"","header-below-stick-meta":"","astra-migrate-meta-layouts":"set","ast-page-background-enabled":"default","ast-page-background-meta":{"desktop":{"background-color":"","background-image":"","background-repeat":"repeat","background-position":"center center","background-size":"auto","background-attachment":"scroll","background-type":"","background-media":"","overlay-type":"","overlay-color":"","overlay-opacity":"","overlay-gradient":""},"tablet":{"background-color":"","background-image":"","background-repeat":"repeat","background-position":"center center","background-size":"auto","background-attachment":"scroll","background-type":"","background-media":"","overlay-type":"","overlay-color":"","overlay-opacity":"","overlay-gradient":""},"mobile":{"background-color":"","background-image":"","background-repeat":"repeat","background-position":"center center","background-size":"auto","background-attachment":"scroll","background-type":"","background-media":"","overlay-type":"","overlay-color":"","overlay-opacity":"","overlay-gradient":""}},"ast-content-background-meta":{"desktop":{"background-color":"var(--ast-global-color-4)","background-image":"","background-repeat":"repeat","background-position":"center center","background-size":"auto","background-attachment":"scroll","background-type":"","background-media":"","overlay-type":"","overlay-color":"","overlay-opacity":"","overlay-gradient":""},"tablet":{"background-color":"var(--ast-global-color-4)","background-image":"","background-repeat":"repeat","background-position":"center center","background-size":"auto","background-attachment":"scroll","background-type":"","background-media":"","overlay-type":"","overlay-color":"","overlay-opacity":"","overlay-gradient":""},"mobile":{"background-color":"var(--ast-global-color-4)","background-image":"","background-repeat":"repeat","background-position":"center center","background-size":"auto","background-attachment":"scroll","background-type":"","background-media":"","overlay-type":"","overlay-color":"","overlay-opacity":"","overlay-gradient":""}}},"product_brand":[],"product_cat":[30],"product_tag":[],"class_list":{"0":"post-1724","1":"product","2":"type-product","3":"status-publish","4":"has-post-thumbnail","6":"product_cat-produit-de-medecine-esthetique","7":"desktop-align-left","8":"tablet-align-left","9":"mobile-align-left","11":"first","12":"instock","13":"shipping-taxable","14":"product-type-simple"},"yoast_head":"<!-- This site is optimized with the Yoast SEO plugin v24.5 - https:\/\/yoast.com\/wordpress\/plugins\/seo\/ -->\n<title>Tube PRP ACDA-GEL Biotine 10ml - healthlinkdistributors<\/title>\n<meta name=\"robots\" content=\"index, follow, max-snippet:-1, max-image-preview:large, max-video-preview:-1\" \/>\n<link rel=\"canonical\" href=\"https:\/\/healthlinkdistributors.com\/?product=tube-prp-acda-gel-biotine-10ml\" \/>\n<meta property=\"og:locale\" content=\"fr_FR\" \/>\n<meta property=\"og:type\" content=\"article\" \/>\n<meta property=\"og:title\" content=\"Tube PRP ACDA-GEL Biotine 10ml - healthlinkdistributors\" \/>\n<meta property=\"og:description\" content=\"Tube PRP ACDA-GEL Biotine  Volume : 10ml  Sachet Unitaire  St\u00e9rile\" \/>\n<meta property=\"og:url\" content=\"https:\/\/healthlinkdistributors.com\/?product=tube-prp-acda-gel-biotine-10ml\" \/>\n<meta property=\"og:site_name\" content=\"healthlinkdistributors\" \/>\n<meta property=\"article:publisher\" content=\"https:\/\/www.facebook.com\/share\/1C3ZdXDcGK\/?mibextid=wwXIfr\" \/>\n<meta property=\"article:modified_time\" content=\"2024-11-09T14:49:07+00:00\" \/>\n<meta property=\"og:image\" content=\"https:\/\/healthlinkdistributors.com\/wp-content\/uploads\/2024\/11\/PRP-B.48.13.jpeg\" \/>\n\t<meta property=\"og:image:width\" content=\"1600\" \/>\n\t<meta property=\"og:image:height\" content=\"1600\" \/>\n\t<meta property=\"og:image:type\" content=\"image\/jpeg\" \/>\n<meta name=\"twitter:card\" content=\"summary_large_image\" \/>\n<script type=\"application\/ld+json\" class=\"yoast-schema-graph\">{\"@context\":\"https:\/\/schema.org\",\"@graph\":[{\"@type\":\"WebPage\",\"@id\":\"https:\/\/healthlinkdistributors.com\/?product=tube-prp-acda-gel-biotine-10ml\",\"url\":\"https:\/\/healthlinkdistributors.com\/?product=tube-prp-acda-gel-biotine-10ml\",\"name\":\"Tube PRP ACDA-GEL Biotine 10ml - healthlinkdistributors\",\"isPartOf\":{\"@id\":\"https:\/\/healthlinkdistributors.com\/#website\"},\"primaryImageOfPage\":{\"@id\":\"https:\/\/healthlinkdistributors.com\/?product=tube-prp-acda-gel-biotine-10ml#primaryimage\"},\"image\":{\"@id\":\"https:\/\/healthlinkdistributors.com\/?product=tube-prp-acda-gel-biotine-10ml#primaryimage\"},\"thumbnailUrl\":\"https:\/\/healthlinkdistributors.com\/wp-content\/uploads\/2024\/11\/PRP-B.48.13.jpeg\",\"datePublished\":\"2024-11-09T08:20:27+00:00\",\"dateModified\":\"2024-11-09T14:49:07+00:00\",\"breadcrumb\":{\"@id\":\"https:\/\/healthlinkdistributors.com\/?product=tube-prp-acda-gel-biotine-10ml#breadcrumb\"},\"inLanguage\":\"fr-FR\",\"potentialAction\":[{\"@type\":\"ReadAction\",\"target\":[\"https:\/\/healthlinkdistributors.com\/?product=tube-prp-acda-gel-biotine-10ml\"]}]},{\"@type\":\"ImageObject\",\"inLanguage\":\"fr-FR\",\"@id\":\"https:\/\/healthlinkdistributors.com\/?product=tube-prp-acda-gel-biotine-10ml#primaryimage\",\"url\":\"https:\/\/healthlinkdistributors.com\/wp-content\/uploads\/2024\/11\/PRP-B.48.13.jpeg\",\"contentUrl\":\"https:\/\/healthlinkdistributors.com\/wp-content\/uploads\/2024\/11\/PRP-B.48.13.jpeg\",\"width\":1600,\"height\":1600},{\"@type\":\"BreadcrumbList\",\"@id\":\"https:\/\/healthlinkdistributors.com\/?product=tube-prp-acda-gel-biotine-10ml#breadcrumb\",\"itemListElement\":[{\"@type\":\"ListItem\",\"position\":1,\"name\":\"Accueil\",\"item\":\"https:\/\/healthlinkdistributors.com\/\"},{\"@type\":\"ListItem\",\"position\":2,\"name\":\"Boutique\",\"item\":\"https:\/\/healthlinkdistributors.com\/?page_id=1526\"},{\"@type\":\"ListItem\",\"position\":3,\"name\":\"Tube PRP ACDA-GEL Biotine 10ml\"}]},{\"@type\":\"WebSite\",\"@id\":\"https:\/\/healthlinkdistributors.com\/#website\",\"url\":\"https:\/\/healthlinkdistributors.com\/\",\"name\":\"healthlinkdistributors\",\"description\":\"\",\"publisher\":{\"@id\":\"https:\/\/healthlinkdistributors.com\/#organization\"},\"potentialAction\":[{\"@type\":\"SearchAction\",\"target\":{\"@type\":\"EntryPoint\",\"urlTemplate\":\"https:\/\/healthlinkdistributors.com\/?s={search_term_string}\"},\"query-input\":{\"@type\":\"PropertyValueSpecification\",\"valueRequired\":true,\"valueName\":\"search_term_string\"}}],\"inLanguage\":\"fr-FR\"},{\"@type\":\"Organization\",\"@id\":\"https:\/\/healthlinkdistributors.com\/#organization\",\"name\":\"healthlinkdistributors\",\"url\":\"https:\/\/healthlinkdistributors.com\/\",\"logo\":{\"@type\":\"ImageObject\",\"inLanguage\":\"fr-FR\",\"@id\":\"https:\/\/healthlinkdistributors.com\/#\/schema\/logo\/image\/\",\"url\":\"https:\/\/healthlinkdistributors.com\/wp-content\/uploads\/2024\/11\/cropped-IMG_8390.png\",\"contentUrl\":\"https:\/\/healthlinkdistributors.com\/wp-content\/uploads\/2024\/11\/cropped-IMG_8390.png\",\"width\":572,\"height\":202,\"caption\":\"healthlinkdistributors\"},\"image\":{\"@id\":\"https:\/\/healthlinkdistributors.com\/#\/schema\/logo\/image\/\"},\"sameAs\":[\"https:\/\/www.facebook.com\/share\/1C3ZdXDcGK\/?mibextid=wwXIfr\"]}]}<\/script>\n<!-- \/ Yoast SEO plugin. -->","yoast_head_json":{"title":"Tube PRP ACDA-GEL Biotine 10ml - healthlinkdistributors","robots":{"index":"index","follow":"follow","max-snippet":"max-snippet:-1","max-image-preview":"max-image-preview:large","max-video-preview":"max-video-preview:-1"},"canonical":"https:\/\/healthlinkdistributors.com\/?product=tube-prp-acda-gel-biotine-10ml","og_locale":"fr_FR","og_type":"article","og_title":"Tube PRP ACDA-GEL Biotine 10ml - healthlinkdistributors","og_description":"Tube PRP ACDA-GEL Biotine  Volume : 10ml  Sachet Unitaire  St\u00e9rile","og_url":"https:\/\/healthlinkdistributors.com\/?product=tube-prp-acda-gel-biotine-10ml","og_site_name":"healthlinkdistributors","article_publisher":"https:\/\/www.facebook.com\/share\/1C3ZdXDcGK\/?mibextid=wwXIfr","article_modified_time":"2024-11-09T14:49:07+00:00","og_image":[{"width":1600,"height":1600,"url":"https:\/\/healthlinkdistributors.com\/wp-content\/uploads\/2024\/11\/PRP-B.48.13.jpeg","type":"image\/jpeg"}],"twitter_card":"summary_large_image","schema":{"@context":"https:\/\/schema.org","@graph":[{"@type":"WebPage","@id":"https:\/\/healthlinkdistributors.com\/?product=tube-prp-acda-gel-biotine-10ml","url":"https:\/\/healthlinkdistributors.com\/?product=tube-prp-acda-gel-biotine-10ml","name":"Tube PRP ACDA-GEL Biotine 10ml - healthlinkdistributors","isPartOf":{"@id":"https:\/\/healthlinkdistributors.com\/#website"},"primaryImageOfPage":{"@id":"https:\/\/healthlinkdistributors.com\/?product=tube-prp-acda-gel-biotine-10ml#primaryimage"},"image":{"@id":"https:\/\/healthlinkdistributors.com\/?product=tube-prp-acda-gel-biotine-10ml#primaryimage"},"thumbnailUrl":"https:\/\/healthlinkdistributors.com\/wp-content\/uploads\/2024\/11\/PRP-B.48.13.jpeg","datePublished":"2024-11-09T08:20:27+00:00","dateModified":"2024-11-09T14:49:07+00:00","breadcrumb":{"@id":"https:\/\/healthlinkdistributors.com\/?product=tube-prp-acda-gel-biotine-10ml#breadcrumb"},"inLanguage":"fr-FR","potentialAction":[{"@type":"ReadAction","target":["https:\/\/healthlinkdistributors.com\/?product=tube-prp-acda-gel-biotine-10ml"]}]},{"@type":"ImageObject","inLanguage":"fr-FR","@id":"https:\/\/healthlinkdistributors.com\/?product=tube-prp-acda-gel-biotine-10ml#primaryimage","url":"https:\/\/healthlinkdistributors.com\/wp-content\/uploads\/2024\/11\/PRP-B.48.13.jpeg","contentUrl":"https:\/\/healthlinkdistributors.com\/wp-content\/uploads\/2024\/11\/PRP-B.48.13.jpeg","width":1600,"height":1600},{"@type":"BreadcrumbList","@id":"https:\/\/healthlinkdistributors.com\/?product=tube-prp-acda-gel-biotine-10ml#breadcrumb","itemListElement":[{"@type":"ListItem","position":1,"name":"Accueil","item":"https:\/\/healthlinkdistributors.com\/"},{"@type":"ListItem","position":2,"name":"Boutique","item":"https:\/\/healthlinkdistributors.com\/?page_id=1526"},{"@type":"ListItem","position":3,"name":"Tube PRP ACDA-GEL Biotine 10ml"}]},{"@type":"WebSite","@id":"https:\/\/healthlinkdistributors.com\/#website","url":"https:\/\/healthlinkdistributors.com\/","name":"healthlinkdistributors","description":"","publisher":{"@id":"https:\/\/healthlinkdistributors.com\/#organization"},"potentialAction":[{"@type":"SearchAction","target":{"@type":"EntryPoint","urlTemplate":"https:\/\/healthlinkdistributors.com\/?s={search_term_string}"},"query-input":{"@type":"PropertyValueSpecification","valueRequired":true,"valueName":"search_term_string"}}],"inLanguage":"fr-FR"},{"@type":"Organization","@id":"https:\/\/healthlinkdistributors.com\/#organization","name":"healthlinkdistributors","url":"https:\/\/healthlinkdistributors.com\/","logo":{"@type":"ImageObject","inLanguage":"fr-FR","@id":"https:\/\/healthlinkdistributors.com\/#\/schema\/logo\/image\/","url":"https:\/\/healthlinkdistributors.com\/wp-content\/uploads\/2024\/11\/cropped-IMG_8390.png","contentUrl":"https:\/\/healthlinkdistributors.com\/wp-content\/uploads\/2024\/11\/cropped-IMG_8390.png","width":572,"height":202,"caption":"healthlinkdistributors"},"image":{"@id":"https:\/\/healthlinkdistributors.com\/#\/schema\/logo\/image\/"},"sameAs":["https:\/\/www.facebook.com\/share\/1C3ZdXDcGK\/?mibextid=wwXIfr"]}]}},"jetpack_sharing_enabled":true,"uagb_featured_image_src":{"full":["https:\/\/healthlinkdistributors.com\/wp-content\/uploads\/2024\/11\/PRP-B.48.13.jpeg",1600,1600,false],"thumbnail":["https:\/\/healthlinkdistributors.com\/wp-content\/uploads\/2024\/11\/PRP-B.48.13-150x150.jpeg",150,150,true],"medium":["https:\/\/healthlinkdistributors.com\/wp-content\/uploads\/2024\/11\/PRP-B.48.13-300x300.jpeg",300,300,true],"medium_large":["https:\/\/healthlinkdistributors.com\/wp-content\/uploads\/2024\/11\/PRP-B.48.13-768x768.jpeg",768,768,true],"large":["https:\/\/healthlinkdistributors.com\/wp-content\/uploads\/2024\/11\/PRP-B.48.13-1024x1024.jpeg",1024,1024,true],"1536x1536":["https:\/\/healthlinkdistributors.com\/wp-content\/uploads\/2024\/11\/PRP-B.48.13-1536x1536.jpeg",1536,1536,true],"2048x2048":["https:\/\/healthlinkdistributors.com\/wp-content\/uploads\/2024\/11\/PRP-B.48.13.jpeg",1600,1600,false],"mailpoet_newsletter_max":["https:\/\/healthlinkdistributors.com\/wp-content\/uploads\/2024\/11\/PRP-B.48.13.jpeg",1320,1320,false],"woocommerce_thumbnail":["https:\/\/healthlinkdistributors.com\/wp-content\/uploads\/2024\/11\/PRP-B.48.13-300x300.jpeg",300,300,true],"woocommerce_single":["https:\/\/healthlinkdistributors.com\/wp-content\/uploads\/2024\/11\/PRP-B.48.13-600x600.jpeg",600,600,true],"woocommerce_gallery_thumbnail":["https:\/\/healthlinkdistributors.com\/wp-content\/uploads\/2024\/11\/PRP-B.48.13-100x100.jpeg",100,100,true]},"uagb_author_info":{"display_name":"Healthlink","author_link":"https:\/\/healthlinkdistributors.com\/?author=0"},"uagb_comment_info":0,"uagb_excerpt":"Tube PRP ACDA-GEL Biotine Volume : 10ml Sachet Unitaire St\u00e9rile","_links":{"self":[{"href":"https:\/\/healthlinkdistributors.com\/index.php?rest_route=\/wp\/v2\/product\/1724"}],"collection":[{"href":"https:\/\/healthlinkdistributors.com\/index.php?rest_route=\/wp\/v2\/product"}],"about":[{"href":"https:\/\/healthlinkdistributors.com\/index.php?rest_route=\/wp\/v2\/types\/product"}],"replies":[{"embeddable":true,"href":"https:\/\/healthlinkdistributors.com\/index.php?rest_route=%2Fwp%2Fv2%2Fcomments&post=1724"}],"version-history":[{"count":3,"href":"https:\/\/healthlinkdistributors.com\/index.php?rest_route=\/wp\/v2\/product\/1724\/revisions"}],"predecessor-version":[{"id":1790,"href":"https:\/\/healthlinkdistributors.com\/index.php?rest_route=\/wp\/v2\/product\/1724\/revisions\/1790"}],"wp:featuredmedia":[{"embeddable":true,"href":"https:\/\/healthlinkdistributors.com\/index.php?rest_route=\/wp\/v2\/media\/1416"}],"wp:attachment":[{"href":"https:\/\/healthlinkdistributors.com\/index.php?rest_route=%2Fwp%2Fv2%2Fmedia&parent=1724"}],"wp:term":[{"taxonomy":"product_brand","embeddable":true,"href":"https:\/\/healthlinkdistributors.com\/index.php?rest_route=%2Fwp%2Fv2%2Fproduct_brand&post=1724"},{"taxonomy":"product_cat","embeddable":true,"href":"https:\/\/healthlinkdistributors.com\/index.php?rest_route=%2Fwp%2Fv2%2Fproduct_cat&post=1724"},{"taxonomy":"product_tag","embeddable":true,"href":"https:\/\/healthlinkdistributors.com\/index.php?rest_route=%2Fwp%2Fv2%2Fproduct_tag&post=1724"}],"curies":[{"name":"wp","href":"https:\/\/api.w.org\/{rel}","templated":true}]}}