{"id":1641,"date":"2024-11-08T09:33:01","date_gmt":"2024-11-08T08:33:01","guid":{"rendered":"https:\/\/healthlinkdistributors.com\/?post_type=product&#038;p=1641"},"modified":"2024-11-08T09:41:12","modified_gmt":"2024-11-08T08:41:12","slug":"les-cone","status":"publish","type":"product","link":"https:\/\/healthlinkdistributors.com\/?product=les-cone","title":{"rendered":"Les C\u00f4ne"},"content":{"rendered":"<p>R\u00e9alis\u00e9s en PP d&rsquo;une grande puret\u00e9 et sans Cadmium. Grande transparence et hydrofuge afin de limiter au maximum la r\u00e9tention des liquides au niveau des parois internes. Le parfait centrage de l&rsquo;orifice de la pointe permet une orientation optimale des liquides lors de la vidange. Ces embouts sont conseill\u00e9s pour une utilisation avec les micropipettes automatiques Kartell. Elles donnent aussi de tr\u00e8s bons r\u00e9sultats avec les micropipettes des marques les plus courantes. Les embouts \u00e0 usage unique Kartell sont propos\u00e9s dans coffrets distincts afin de r\u00e9pondre aux exigences les plus diverses:<\/p>\n<ul>\n<li>en vrac en sachet<\/li>\n<li>en rack<\/li>\n<li>en recharge pour les racks<\/li>\n<\/ul>\n","protected":false},"excerpt":{"rendered":"<ul>\n<li>Couleur : Blanc, Blue et Jaune<\/li>\n<li>Volume : 0.5 \u00e0 10ul, 5 \u00e0 200ul et 200 \u00e0 1000ul<\/li>\n<li>Emballage : Sachet<\/li>\n<\/ul>\n","protected":false},"featured_media":1264,"comment_status":"open","ping_status":"closed","template":"","meta":{"_uag_custom_page_level_css":"","site-sidebar-layout":"default","site-content-layout":"","ast-site-content-layout":"default","site-content-style":"default","site-sidebar-style":"default","ast-global-header-display":"","ast-banner-title-visibility":"","ast-main-header-display":"","ast-hfb-above-header-display":"","ast-hfb-below-header-display":"","ast-hfb-mobile-header-display":"","site-post-title":"","ast-breadcrumbs-content":"","ast-featured-img":"","footer-sml-layout":"","ast-disable-related-posts":"","theme-transparent-header-meta":"default","adv-header-id-meta":"","stick-header-meta":"","header-above-stick-meta":"","header-main-stick-meta":"","header-below-stick-meta":"","astra-migrate-meta-layouts":"set","ast-page-background-enabled":"default","ast-page-background-meta":{"desktop":{"background-color":"","background-image":"","background-repeat":"repeat","background-position":"center center","background-size":"auto","background-attachment":"scroll","background-type":"","background-media":"","overlay-type":"","overlay-color":"","overlay-opacity":"","overlay-gradient":""},"tablet":{"background-color":"","background-image":"","background-repeat":"repeat","background-position":"center center","background-size":"auto","background-attachment":"scroll","background-type":"","background-media":"","overlay-type":"","overlay-color":"","overlay-opacity":"","overlay-gradient":""},"mobile":{"background-color":"","background-image":"","background-repeat":"repeat","background-position":"center center","background-size":"auto","background-attachment":"scroll","background-type":"","background-media":"","overlay-type":"","overlay-color":"","overlay-opacity":"","overlay-gradient":""}},"ast-content-background-meta":{"desktop":{"background-color":"var(--ast-global-color-4)","background-image":"","background-repeat":"repeat","background-position":"center center","background-size":"auto","background-attachment":"scroll","background-type":"","background-media":"","overlay-type":"","overlay-color":"","overlay-opacity":"","overlay-gradient":""},"tablet":{"background-color":"var(--ast-global-color-4)","background-image":"","background-repeat":"repeat","background-position":"center center","background-size":"auto","background-attachment":"scroll","background-type":"","background-media":"","overlay-type":"","overlay-color":"","overlay-opacity":"","overlay-gradient":""},"mobile":{"background-color":"var(--ast-global-color-4)","background-image":"","background-repeat":"repeat","background-position":"center center","background-size":"auto","background-attachment":"scroll","background-type":"","background-media":"","overlay-type":"","overlay-color":"","overlay-opacity":"","overlay-gradient":""}}},"product_brand":[],"product_cat":[19],"product_tag":[],"class_list":{"0":"post-1641","1":"product","2":"type-product","3":"status-publish","4":"has-post-thumbnail","6":"product_cat-consommable-de-laboratoire","7":"desktop-align-left","8":"tablet-align-left","9":"mobile-align-left","11":"first","12":"instock","13":"shipping-taxable","14":"product-type-simple"},"yoast_head":"<!-- This site is optimized with the Yoast SEO plugin v24.5 - https:\/\/yoast.com\/wordpress\/plugins\/seo\/ -->\n<title>Les C\u00f4ne - healthlinkdistributors<\/title>\n<meta name=\"robots\" content=\"index, follow, max-snippet:-1, max-image-preview:large, max-video-preview:-1\" \/>\n<link rel=\"canonical\" href=\"https:\/\/healthlinkdistributors.com\/?product=les-cone\" \/>\n<meta property=\"og:locale\" content=\"fr_FR\" \/>\n<meta property=\"og:type\" content=\"article\" \/>\n<meta property=\"og:title\" content=\"Les C\u00f4ne - healthlinkdistributors\" \/>\n<meta property=\"og:description\" content=\"Couleur : Blanc, Blue et Jaune  Volume : 0.5 \u00e0 10ul, 5 \u00e0 200ul et 200 \u00e0 1000ul  Emballage : Sachet\" \/>\n<meta property=\"og:url\" content=\"https:\/\/healthlinkdistributors.com\/?product=les-cone\" \/>\n<meta property=\"og:site_name\" content=\"healthlinkdistributors\" \/>\n<meta property=\"article:publisher\" content=\"https:\/\/www.facebook.com\/share\/1C3ZdXDcGK\/?mibextid=wwXIfr\" \/>\n<meta property=\"article:modified_time\" content=\"2024-11-08T08:41:12+00:00\" \/>\n<meta property=\"og:image\" content=\"https:\/\/healthlinkdistributors.com\/wp-content\/uploads\/2024\/11\/csm_Pipette_Tips_Microportal2_5379ba2c0a.png\" \/>\n\t<meta property=\"og:image:width\" content=\"1128\" \/>\n\t<meta property=\"og:image:height\" content=\"846\" \/>\n\t<meta property=\"og:image:type\" content=\"image\/png\" \/>\n<meta name=\"twitter:card\" content=\"summary_large_image\" \/>\n<meta name=\"twitter:label1\" content=\"Dur\u00e9e de lecture estim\u00e9e\" \/>\n\t<meta name=\"twitter:data1\" content=\"1 minute\" \/>\n<script type=\"application\/ld+json\" class=\"yoast-schema-graph\">{\"@context\":\"https:\/\/schema.org\",\"@graph\":[{\"@type\":\"WebPage\",\"@id\":\"https:\/\/healthlinkdistributors.com\/?product=les-cone\",\"url\":\"https:\/\/healthlinkdistributors.com\/?product=les-cone\",\"name\":\"Les C\u00f4ne - healthlinkdistributors\",\"isPartOf\":{\"@id\":\"https:\/\/healthlinkdistributors.com\/#website\"},\"primaryImageOfPage\":{\"@id\":\"https:\/\/healthlinkdistributors.com\/?product=les-cone#primaryimage\"},\"image\":{\"@id\":\"https:\/\/healthlinkdistributors.com\/?product=les-cone#primaryimage\"},\"thumbnailUrl\":\"https:\/\/healthlinkdistributors.com\/wp-content\/uploads\/2024\/11\/csm_Pipette_Tips_Microportal2_5379ba2c0a.png\",\"datePublished\":\"2024-11-08T08:33:01+00:00\",\"dateModified\":\"2024-11-08T08:41:12+00:00\",\"breadcrumb\":{\"@id\":\"https:\/\/healthlinkdistributors.com\/?product=les-cone#breadcrumb\"},\"inLanguage\":\"fr-FR\",\"potentialAction\":[{\"@type\":\"ReadAction\",\"target\":[\"https:\/\/healthlinkdistributors.com\/?product=les-cone\"]}]},{\"@type\":\"ImageObject\",\"inLanguage\":\"fr-FR\",\"@id\":\"https:\/\/healthlinkdistributors.com\/?product=les-cone#primaryimage\",\"url\":\"https:\/\/healthlinkdistributors.com\/wp-content\/uploads\/2024\/11\/csm_Pipette_Tips_Microportal2_5379ba2c0a.png\",\"contentUrl\":\"https:\/\/healthlinkdistributors.com\/wp-content\/uploads\/2024\/11\/csm_Pipette_Tips_Microportal2_5379ba2c0a.png\",\"width\":1128,\"height\":846},{\"@type\":\"BreadcrumbList\",\"@id\":\"https:\/\/healthlinkdistributors.com\/?product=les-cone#breadcrumb\",\"itemListElement\":[{\"@type\":\"ListItem\",\"position\":1,\"name\":\"Accueil\",\"item\":\"https:\/\/healthlinkdistributors.com\/\"},{\"@type\":\"ListItem\",\"position\":2,\"name\":\"Boutique\",\"item\":\"https:\/\/healthlinkdistributors.com\/?page_id=1526\"},{\"@type\":\"ListItem\",\"position\":3,\"name\":\"Les C\u00f4ne\"}]},{\"@type\":\"WebSite\",\"@id\":\"https:\/\/healthlinkdistributors.com\/#website\",\"url\":\"https:\/\/healthlinkdistributors.com\/\",\"name\":\"healthlinkdistributors\",\"description\":\"\",\"publisher\":{\"@id\":\"https:\/\/healthlinkdistributors.com\/#organization\"},\"potentialAction\":[{\"@type\":\"SearchAction\",\"target\":{\"@type\":\"EntryPoint\",\"urlTemplate\":\"https:\/\/healthlinkdistributors.com\/?s={search_term_string}\"},\"query-input\":{\"@type\":\"PropertyValueSpecification\",\"valueRequired\":true,\"valueName\":\"search_term_string\"}}],\"inLanguage\":\"fr-FR\"},{\"@type\":\"Organization\",\"@id\":\"https:\/\/healthlinkdistributors.com\/#organization\",\"name\":\"healthlinkdistributors\",\"url\":\"https:\/\/healthlinkdistributors.com\/\",\"logo\":{\"@type\":\"ImageObject\",\"inLanguage\":\"fr-FR\",\"@id\":\"https:\/\/healthlinkdistributors.com\/#\/schema\/logo\/image\/\",\"url\":\"https:\/\/healthlinkdistributors.com\/wp-content\/uploads\/2024\/11\/cropped-IMG_8390.png\",\"contentUrl\":\"https:\/\/healthlinkdistributors.com\/wp-content\/uploads\/2024\/11\/cropped-IMG_8390.png\",\"width\":572,\"height\":202,\"caption\":\"healthlinkdistributors\"},\"image\":{\"@id\":\"https:\/\/healthlinkdistributors.com\/#\/schema\/logo\/image\/\"},\"sameAs\":[\"https:\/\/www.facebook.com\/share\/1C3ZdXDcGK\/?mibextid=wwXIfr\"]}]}<\/script>\n<!-- \/ Yoast SEO plugin. -->","yoast_head_json":{"title":"Les C\u00f4ne - healthlinkdistributors","robots":{"index":"index","follow":"follow","max-snippet":"max-snippet:-1","max-image-preview":"max-image-preview:large","max-video-preview":"max-video-preview:-1"},"canonical":"https:\/\/healthlinkdistributors.com\/?product=les-cone","og_locale":"fr_FR","og_type":"article","og_title":"Les C\u00f4ne - healthlinkdistributors","og_description":"Couleur : Blanc, Blue et Jaune  Volume : 0.5 \u00e0 10ul, 5 \u00e0 200ul et 200 \u00e0 1000ul  Emballage : Sachet","og_url":"https:\/\/healthlinkdistributors.com\/?product=les-cone","og_site_name":"healthlinkdistributors","article_publisher":"https:\/\/www.facebook.com\/share\/1C3ZdXDcGK\/?mibextid=wwXIfr","article_modified_time":"2024-11-08T08:41:12+00:00","og_image":[{"width":1128,"height":846,"url":"https:\/\/healthlinkdistributors.com\/wp-content\/uploads\/2024\/11\/csm_Pipette_Tips_Microportal2_5379ba2c0a.png","type":"image\/png"}],"twitter_card":"summary_large_image","twitter_misc":{"Dur\u00e9e de lecture estim\u00e9e":"1 minute"},"schema":{"@context":"https:\/\/schema.org","@graph":[{"@type":"WebPage","@id":"https:\/\/healthlinkdistributors.com\/?product=les-cone","url":"https:\/\/healthlinkdistributors.com\/?product=les-cone","name":"Les C\u00f4ne - healthlinkdistributors","isPartOf":{"@id":"https:\/\/healthlinkdistributors.com\/#website"},"primaryImageOfPage":{"@id":"https:\/\/healthlinkdistributors.com\/?product=les-cone#primaryimage"},"image":{"@id":"https:\/\/healthlinkdistributors.com\/?product=les-cone#primaryimage"},"thumbnailUrl":"https:\/\/healthlinkdistributors.com\/wp-content\/uploads\/2024\/11\/csm_Pipette_Tips_Microportal2_5379ba2c0a.png","datePublished":"2024-11-08T08:33:01+00:00","dateModified":"2024-11-08T08:41:12+00:00","breadcrumb":{"@id":"https:\/\/healthlinkdistributors.com\/?product=les-cone#breadcrumb"},"inLanguage":"fr-FR","potentialAction":[{"@type":"ReadAction","target":["https:\/\/healthlinkdistributors.com\/?product=les-cone"]}]},{"@type":"ImageObject","inLanguage":"fr-FR","@id":"https:\/\/healthlinkdistributors.com\/?product=les-cone#primaryimage","url":"https:\/\/healthlinkdistributors.com\/wp-content\/uploads\/2024\/11\/csm_Pipette_Tips_Microportal2_5379ba2c0a.png","contentUrl":"https:\/\/healthlinkdistributors.com\/wp-content\/uploads\/2024\/11\/csm_Pipette_Tips_Microportal2_5379ba2c0a.png","width":1128,"height":846},{"@type":"BreadcrumbList","@id":"https:\/\/healthlinkdistributors.com\/?product=les-cone#breadcrumb","itemListElement":[{"@type":"ListItem","position":1,"name":"Accueil","item":"https:\/\/healthlinkdistributors.com\/"},{"@type":"ListItem","position":2,"name":"Boutique","item":"https:\/\/healthlinkdistributors.com\/?page_id=1526"},{"@type":"ListItem","position":3,"name":"Les C\u00f4ne"}]},{"@type":"WebSite","@id":"https:\/\/healthlinkdistributors.com\/#website","url":"https:\/\/healthlinkdistributors.com\/","name":"healthlinkdistributors","description":"","publisher":{"@id":"https:\/\/healthlinkdistributors.com\/#organization"},"potentialAction":[{"@type":"SearchAction","target":{"@type":"EntryPoint","urlTemplate":"https:\/\/healthlinkdistributors.com\/?s={search_term_string}"},"query-input":{"@type":"PropertyValueSpecification","valueRequired":true,"valueName":"search_term_string"}}],"inLanguage":"fr-FR"},{"@type":"Organization","@id":"https:\/\/healthlinkdistributors.com\/#organization","name":"healthlinkdistributors","url":"https:\/\/healthlinkdistributors.com\/","logo":{"@type":"ImageObject","inLanguage":"fr-FR","@id":"https:\/\/healthlinkdistributors.com\/#\/schema\/logo\/image\/","url":"https:\/\/healthlinkdistributors.com\/wp-content\/uploads\/2024\/11\/cropped-IMG_8390.png","contentUrl":"https:\/\/healthlinkdistributors.com\/wp-content\/uploads\/2024\/11\/cropped-IMG_8390.png","width":572,"height":202,"caption":"healthlinkdistributors"},"image":{"@id":"https:\/\/healthlinkdistributors.com\/#\/schema\/logo\/image\/"},"sameAs":["https:\/\/www.facebook.com\/share\/1C3ZdXDcGK\/?mibextid=wwXIfr"]}]}},"jetpack_sharing_enabled":true,"uagb_featured_image_src":{"full":["https:\/\/healthlinkdistributors.com\/wp-content\/uploads\/2024\/11\/csm_Pipette_Tips_Microportal2_5379ba2c0a.png",1128,846,false],"thumbnail":["https:\/\/healthlinkdistributors.com\/wp-content\/uploads\/2024\/11\/csm_Pipette_Tips_Microportal2_5379ba2c0a-150x150.png",150,150,true],"medium":["https:\/\/healthlinkdistributors.com\/wp-content\/uploads\/2024\/11\/csm_Pipette_Tips_Microportal2_5379ba2c0a-300x225.png",300,225,true],"medium_large":["https:\/\/healthlinkdistributors.com\/wp-content\/uploads\/2024\/11\/csm_Pipette_Tips_Microportal2_5379ba2c0a-768x576.png",768,576,true],"large":["https:\/\/healthlinkdistributors.com\/wp-content\/uploads\/2024\/11\/csm_Pipette_Tips_Microportal2_5379ba2c0a-1024x768.png",1024,768,true],"1536x1536":["https:\/\/healthlinkdistributors.com\/wp-content\/uploads\/2024\/11\/csm_Pipette_Tips_Microportal2_5379ba2c0a.png",1128,846,false],"2048x2048":["https:\/\/healthlinkdistributors.com\/wp-content\/uploads\/2024\/11\/csm_Pipette_Tips_Microportal2_5379ba2c0a.png",1128,846,false],"mailpoet_newsletter_max":["https:\/\/healthlinkdistributors.com\/wp-content\/uploads\/2024\/11\/csm_Pipette_Tips_Microportal2_5379ba2c0a.png",1128,846,false],"woocommerce_thumbnail":["https:\/\/healthlinkdistributors.com\/wp-content\/uploads\/2024\/11\/csm_Pipette_Tips_Microportal2_5379ba2c0a-300x300.png",300,300,true],"woocommerce_single":["https:\/\/healthlinkdistributors.com\/wp-content\/uploads\/2024\/11\/csm_Pipette_Tips_Microportal2_5379ba2c0a-600x450.png",600,450,true],"woocommerce_gallery_thumbnail":["https:\/\/healthlinkdistributors.com\/wp-content\/uploads\/2024\/11\/csm_Pipette_Tips_Microportal2_5379ba2c0a-100x100.png",100,100,true]},"uagb_author_info":{"display_name":"Healthlink","author_link":"https:\/\/healthlinkdistributors.com\/?author=0"},"uagb_comment_info":0,"uagb_excerpt":"Couleur : Blanc, Blue et Jaune Volume : 0.5 \u00e0 10ul, 5 \u00e0 200ul et 200 \u00e0 1000ul Emballage : Sachet","_links":{"self":[{"href":"https:\/\/healthlinkdistributors.com\/index.php?rest_route=\/wp\/v2\/product\/1641"}],"collection":[{"href":"https:\/\/healthlinkdistributors.com\/index.php?rest_route=\/wp\/v2\/product"}],"about":[{"href":"https:\/\/healthlinkdistributors.com\/index.php?rest_route=\/wp\/v2\/types\/product"}],"replies":[{"embeddable":true,"href":"https:\/\/healthlinkdistributors.com\/index.php?rest_route=%2Fwp%2Fv2%2Fcomments&post=1641"}],"version-history":[{"count":4,"href":"https:\/\/healthlinkdistributors.com\/index.php?rest_route=\/wp\/v2\/product\/1641\/revisions"}],"predecessor-version":[{"id":1643,"href":"https:\/\/healthlinkdistributors.com\/index.php?rest_route=\/wp\/v2\/product\/1641\/revisions\/1643"}],"wp:featuredmedia":[{"embeddable":true,"href":"https:\/\/healthlinkdistributors.com\/index.php?rest_route=\/wp\/v2\/media\/1264"}],"wp:attachment":[{"href":"https:\/\/healthlinkdistributors.com\/index.php?rest_route=%2Fwp%2Fv2%2Fmedia&parent=1641"}],"wp:term":[{"taxonomy":"product_brand","embeddable":true,"href":"https:\/\/healthlinkdistributors.com\/index.php?rest_route=%2Fwp%2Fv2%2Fproduct_brand&post=1641"},{"taxonomy":"product_cat","embeddable":true,"href":"https:\/\/healthlinkdistributors.com\/index.php?rest_route=%2Fwp%2Fv2%2Fproduct_cat&post=1641"},{"taxonomy":"product_tag","embeddable":true,"href":"https:\/\/healthlinkdistributors.com\/index.php?rest_route=%2Fwp%2Fv2%2Fproduct_tag&post=1641"}],"curies":[{"name":"wp","href":"https:\/\/api.w.org\/{rel}","templated":true}]}}