{"id":1579,"date":"2024-11-06T11:43:36","date_gmt":"2024-11-06T10:43:36","guid":{"rendered":"https:\/\/healthlinkdistributors.com\/?post_type=product&#038;p=1579"},"modified":"2025-11-26T16:00:27","modified_gmt":"2025-11-26T15:00:27","slug":"tubes-de-prelevement","status":"publish","type":"product","link":"https:\/\/healthlinkdistributors.com\/?product=tubes-de-prelevement","title":{"rendered":"Tubes de Pr\u00e9l\u00e8vement"},"content":{"rendered":"<p>Tubes st\u00e9riles avec bouchon \u00e0 vide interne couramment utilis\u00e9s pour pr\u00e9lever des \u00e9chantillons de sang veineux ; les produits sont disponibles dans divers mat\u00e9riaux, avec divers types de bouchons et anticoagulants.<\/p>\n<p>Les tubes de pr\u00e9l\u00e8vement de sang \u00e0 vide sont scell\u00e9s, \u00e0 usage unique, \u00e0 bouchon, utilis\u00e9s avec des aiguilles et des tubes de pr\u00e9l\u00e8vement appropri\u00e9s pour le pr\u00e9l\u00e8vement s\u00fbr et st\u00e9rile d\u2019\u00e9chantillons de sang provenant de sujets humains ou animaux. Ils sont partiellement sous vide pour faciliter le pr\u00e9l\u00e8vement sanguin lorsque l\u2019aiguille de pr\u00e9l\u00e8vement perce le bouchon. Les bouchons peuvent \u00eatre dot\u00e9s de codes couleur, en fonction des additifs des tubes ou de leur usage sp\u00e9cifique.<\/p>\n<p>&nbsp;<\/p>\n","protected":false},"excerpt":{"rendered":"<p><strong>Types de tubes de pr\u00e9l\u00e8vement de sang \u00e0 vide<\/strong><br \/>\n\u2022 Tube avec bouchon rouge : tubes lisses sans additif ; pour \u00e9chantillons de s\u00e9rum<br \/>\n\u2022 Tube avec bouchon violet : contiennent un anticoagulant EDTA ; pour les proc\u00e9dures d\u2019h\u00e9matologie clinique<br \/>\n\u2022 Tube avec bouchon vert : contiennent de l\u2019h\u00e9parine ; pour les \u00e9chantillons de plasma<br \/>\n\u2022 Tube avec bouchont gris : avec ajout de fluorure ou d\u2019oxalate ; pour les d\u00e9terminations de glucose<br \/>\n\u2022 Tube avec bouchon bleu : avec citrate de sodium ; pour les tests de coagulation<br \/>\n\u2022 Autres additifs et bouchons color\u00e9s<\/p>\n","protected":false},"featured_media":1636,"comment_status":"open","ping_status":"closed","template":"","meta":{"_uag_custom_page_level_css":"","site-sidebar-layout":"default","site-content-layout":"","ast-site-content-layout":"default","site-content-style":"default","site-sidebar-style":"default","ast-global-header-display":"","ast-banner-title-visibility":"","ast-main-header-display":"","ast-hfb-above-header-display":"","ast-hfb-below-header-display":"","ast-hfb-mobile-header-display":"","site-post-title":"","ast-breadcrumbs-content":"","ast-featured-img":"","footer-sml-layout":"","ast-disable-related-posts":"","theme-transparent-header-meta":"default","adv-header-id-meta":"","stick-header-meta":"","header-above-stick-meta":"","header-main-stick-meta":"","header-below-stick-meta":"","astra-migrate-meta-layouts":"set","ast-page-background-enabled":"default","ast-page-background-meta":{"desktop":{"background-color":"","background-image":"","background-repeat":"repeat","background-position":"center center","background-size":"auto","background-attachment":"scroll","background-type":"","background-media":"","overlay-type":"","overlay-color":"","overlay-opacity":"","overlay-gradient":""},"tablet":{"background-color":"","background-image":"","background-repeat":"repeat","background-position":"center center","background-size":"auto","background-attachment":"scroll","background-type":"","background-media":"","overlay-type":"","overlay-color":"","overlay-opacity":"","overlay-gradient":""},"mobile":{"background-color":"","background-image":"","background-repeat":"repeat","background-position":"center center","background-size":"auto","background-attachment":"scroll","background-type":"","background-media":"","overlay-type":"","overlay-color":"","overlay-opacity":"","overlay-gradient":""}},"ast-content-background-meta":{"desktop":{"background-color":"var(--ast-global-color-4)","background-image":"","background-repeat":"repeat","background-position":"center center","background-size":"auto","background-attachment":"scroll","background-type":"","background-media":"","overlay-type":"","overlay-color":"","overlay-opacity":"","overlay-gradient":""},"tablet":{"background-color":"var(--ast-global-color-4)","background-image":"","background-repeat":"repeat","background-position":"center center","background-size":"auto","background-attachment":"scroll","background-type":"","background-media":"","overlay-type":"","overlay-color":"","overlay-opacity":"","overlay-gradient":""},"mobile":{"background-color":"var(--ast-global-color-4)","background-image":"","background-repeat":"repeat","background-position":"center center","background-size":"auto","background-attachment":"scroll","background-type":"","background-media":"","overlay-type":"","overlay-color":"","overlay-opacity":"","overlay-gradient":""}}},"product_brand":[],"product_cat":[19],"product_tag":[],"class_list":{"0":"post-1579","1":"product","2":"type-product","3":"status-publish","4":"has-post-thumbnail","6":"product_cat-consommable-de-laboratoire","7":"desktop-align-left","8":"tablet-align-left","9":"mobile-align-left","11":"first","12":"instock","13":"featured","14":"shipping-taxable","15":"purchasable","16":"product-type-simple"},"yoast_head":"<!-- This site is optimized with the Yoast SEO plugin v24.5 - https:\/\/yoast.com\/wordpress\/plugins\/seo\/ -->\n<title>Tubes de Pr\u00e9l\u00e8vement - healthlinkdistributors<\/title>\n<meta name=\"description\" content=\"Tubes de Pr\u00e9l\u00e8vement st\u00e9riles avec bouchon \u00e0 vide interne couramment utilis\u00e9s pour pr\u00e9lever des \u00e9chantillons de sang veineux ; les produits sont disponibles dans divers mat\u00e9riaux, avec divers types de bouchons et anticoagulants.Les tubes de pr\u00e9l\u00e8vement de sang \u00e0 vide sont scell\u00e9s, \u00e0 usage unique, \u00e0 bouchon, utilis\u00e9s avec des aiguilles et des tubes de pr\u00e9l\u00e8vement appropri\u00e9s pour le pr\u00e9l\u00e8vement s\u00fbr et st\u00e9rile d\u2019\u00e9chantillons de sang provenant de sujets humains ou animaux. Ils sont partiellement sous vide pour faciliter le pr\u00e9l\u00e8vement sanguin lorsque l\u2019aiguille de pr\u00e9l\u00e8vement perce le bouchon. Les bouchons peuvent \u00eatre dot\u00e9s de codes couleur, en fonction des additifs des tubes ou de leur usage sp\u00e9cifique.\" \/>\n<meta name=\"robots\" content=\"index, follow, max-snippet:-1, max-image-preview:large, max-video-preview:-1\" \/>\n<link rel=\"canonical\" href=\"https:\/\/healthlinkdistributors.com\/?product=tubes-de-prelevement\" \/>\n<meta property=\"og:locale\" content=\"fr_FR\" \/>\n<meta property=\"og:type\" content=\"article\" \/>\n<meta property=\"og:title\" content=\"Tubes de Pr\u00e9l\u00e8vement - healthlinkdistributors\" \/>\n<meta property=\"og:description\" content=\"Tubes de Pr\u00e9l\u00e8vement st\u00e9riles avec bouchon \u00e0 vide interne couramment utilis\u00e9s pour pr\u00e9lever des \u00e9chantillons de sang veineux ; les produits sont disponibles dans divers mat\u00e9riaux, avec divers types de bouchons et anticoagulants.Les tubes de pr\u00e9l\u00e8vement de sang \u00e0 vide sont scell\u00e9s, \u00e0 usage unique, \u00e0 bouchon, utilis\u00e9s avec des aiguilles et des tubes de pr\u00e9l\u00e8vement appropri\u00e9s pour le pr\u00e9l\u00e8vement s\u00fbr et st\u00e9rile d\u2019\u00e9chantillons de sang provenant de sujets humains ou animaux. Ils sont partiellement sous vide pour faciliter le pr\u00e9l\u00e8vement sanguin lorsque l\u2019aiguille de pr\u00e9l\u00e8vement perce le bouchon. Les bouchons peuvent \u00eatre dot\u00e9s de codes couleur, en fonction des additifs des tubes ou de leur usage sp\u00e9cifique.\" \/>\n<meta property=\"og:url\" content=\"https:\/\/healthlinkdistributors.com\/?product=tubes-de-prelevement\" \/>\n<meta property=\"og:site_name\" content=\"healthlinkdistributors\" \/>\n<meta property=\"article:publisher\" content=\"https:\/\/www.facebook.com\/share\/1C3ZdXDcGK\/?mibextid=wwXIfr\" \/>\n<meta property=\"article:modified_time\" content=\"2025-11-26T15:00:27+00:00\" \/>\n<meta name=\"twitter:card\" content=\"summary_large_image\" \/>\n<meta name=\"twitter:label1\" content=\"Dur\u00e9e de lecture estim\u00e9e\" \/>\n\t<meta name=\"twitter:data1\" content=\"1 minute\" \/>\n<script type=\"application\/ld+json\" class=\"yoast-schema-graph\">{\"@context\":\"https:\/\/schema.org\",\"@graph\":[{\"@type\":\"WebPage\",\"@id\":\"https:\/\/healthlinkdistributors.com\/?product=tubes-de-prelevement\",\"url\":\"https:\/\/healthlinkdistributors.com\/?product=tubes-de-prelevement\",\"name\":\"Tubes de Pr\u00e9l\u00e8vement - healthlinkdistributors\",\"isPartOf\":{\"@id\":\"https:\/\/healthlinkdistributors.com\/#website\"},\"primaryImageOfPage\":{\"@id\":\"https:\/\/healthlinkdistributors.com\/?product=tubes-de-prelevement#primaryimage\"},\"image\":{\"@id\":\"https:\/\/healthlinkdistributors.com\/?product=tubes-de-prelevement#primaryimage\"},\"thumbnailUrl\":\"https:\/\/healthlinkdistributors.com\/wp-content\/uploads\/2024\/11\/Blood-Collection-Tube-Machine-Production-Line-Vacuum-Blood-Collection-Tubes-with-Gel.avif\",\"datePublished\":\"2024-11-06T10:43:36+00:00\",\"dateModified\":\"2025-11-26T15:00:27+00:00\",\"description\":\"Tubes de Pr\u00e9l\u00e8vement st\u00e9riles avec bouchon \u00e0 vide interne couramment utilis\u00e9s pour pr\u00e9lever des \u00e9chantillons de sang veineux ; les produits sont disponibles dans divers mat\u00e9riaux, avec divers types de bouchons et anticoagulants.Les tubes de pr\u00e9l\u00e8vement de sang \u00e0 vide sont scell\u00e9s, \u00e0 usage unique, \u00e0 bouchon, utilis\u00e9s avec des aiguilles et des tubes de pr\u00e9l\u00e8vement appropri\u00e9s pour le pr\u00e9l\u00e8vement s\u00fbr et st\u00e9rile d\u2019\u00e9chantillons de sang provenant de sujets humains ou animaux. Ils sont partiellement sous vide pour faciliter le pr\u00e9l\u00e8vement sanguin lorsque l\u2019aiguille de pr\u00e9l\u00e8vement perce le bouchon. Les bouchons peuvent \u00eatre dot\u00e9s de codes couleur, en fonction des additifs des tubes ou de leur usage sp\u00e9cifique.\",\"breadcrumb\":{\"@id\":\"https:\/\/healthlinkdistributors.com\/?product=tubes-de-prelevement#breadcrumb\"},\"inLanguage\":\"fr-FR\",\"potentialAction\":[{\"@type\":\"ReadAction\",\"target\":[\"https:\/\/healthlinkdistributors.com\/?product=tubes-de-prelevement\"]}]},{\"@type\":\"ImageObject\",\"inLanguage\":\"fr-FR\",\"@id\":\"https:\/\/healthlinkdistributors.com\/?product=tubes-de-prelevement#primaryimage\",\"url\":\"https:\/\/healthlinkdistributors.com\/wp-content\/uploads\/2024\/11\/Blood-Collection-Tube-Machine-Production-Line-Vacuum-Blood-Collection-Tubes-with-Gel.avif\",\"contentUrl\":\"https:\/\/healthlinkdistributors.com\/wp-content\/uploads\/2024\/11\/Blood-Collection-Tube-Machine-Production-Line-Vacuum-Blood-Collection-Tubes-with-Gel.avif\",\"width\":550,\"height\":550},{\"@type\":\"BreadcrumbList\",\"@id\":\"https:\/\/healthlinkdistributors.com\/?product=tubes-de-prelevement#breadcrumb\",\"itemListElement\":[{\"@type\":\"ListItem\",\"position\":1,\"name\":\"Accueil\",\"item\":\"https:\/\/healthlinkdistributors.com\/\"},{\"@type\":\"ListItem\",\"position\":2,\"name\":\"Boutique\",\"item\":\"https:\/\/healthlinkdistributors.com\/?page_id=1526\"},{\"@type\":\"ListItem\",\"position\":3,\"name\":\"Tubes de Pr\u00e9l\u00e8vement\"}]},{\"@type\":\"WebSite\",\"@id\":\"https:\/\/healthlinkdistributors.com\/#website\",\"url\":\"https:\/\/healthlinkdistributors.com\/\",\"name\":\"healthlinkdistributors\",\"description\":\"\",\"publisher\":{\"@id\":\"https:\/\/healthlinkdistributors.com\/#organization\"},\"potentialAction\":[{\"@type\":\"SearchAction\",\"target\":{\"@type\":\"EntryPoint\",\"urlTemplate\":\"https:\/\/healthlinkdistributors.com\/?s={search_term_string}\"},\"query-input\":{\"@type\":\"PropertyValueSpecification\",\"valueRequired\":true,\"valueName\":\"search_term_string\"}}],\"inLanguage\":\"fr-FR\"},{\"@type\":\"Organization\",\"@id\":\"https:\/\/healthlinkdistributors.com\/#organization\",\"name\":\"healthlinkdistributors\",\"url\":\"https:\/\/healthlinkdistributors.com\/\",\"logo\":{\"@type\":\"ImageObject\",\"inLanguage\":\"fr-FR\",\"@id\":\"https:\/\/healthlinkdistributors.com\/#\/schema\/logo\/image\/\",\"url\":\"https:\/\/healthlinkdistributors.com\/wp-content\/uploads\/2024\/11\/cropped-IMG_8390.png\",\"contentUrl\":\"https:\/\/healthlinkdistributors.com\/wp-content\/uploads\/2024\/11\/cropped-IMG_8390.png\",\"width\":572,\"height\":202,\"caption\":\"healthlinkdistributors\"},\"image\":{\"@id\":\"https:\/\/healthlinkdistributors.com\/#\/schema\/logo\/image\/\"},\"sameAs\":[\"https:\/\/www.facebook.com\/share\/1C3ZdXDcGK\/?mibextid=wwXIfr\"]}]}<\/script>\n<!-- \/ Yoast SEO plugin. -->","yoast_head_json":{"title":"Tubes de Pr\u00e9l\u00e8vement - healthlinkdistributors","description":"Tubes de Pr\u00e9l\u00e8vement st\u00e9riles avec bouchon \u00e0 vide interne couramment utilis\u00e9s pour pr\u00e9lever des \u00e9chantillons de sang veineux ; les produits sont disponibles dans divers mat\u00e9riaux, avec divers types de bouchons et anticoagulants.Les tubes de pr\u00e9l\u00e8vement de sang \u00e0 vide sont scell\u00e9s, \u00e0 usage unique, \u00e0 bouchon, utilis\u00e9s avec des aiguilles et des tubes de pr\u00e9l\u00e8vement appropri\u00e9s pour le pr\u00e9l\u00e8vement s\u00fbr et st\u00e9rile d\u2019\u00e9chantillons de sang provenant de sujets humains ou animaux. Ils sont partiellement sous vide pour faciliter le pr\u00e9l\u00e8vement sanguin lorsque l\u2019aiguille de pr\u00e9l\u00e8vement perce le bouchon. Les bouchons peuvent \u00eatre dot\u00e9s de codes couleur, en fonction des additifs des tubes ou de leur usage sp\u00e9cifique.","robots":{"index":"index","follow":"follow","max-snippet":"max-snippet:-1","max-image-preview":"max-image-preview:large","max-video-preview":"max-video-preview:-1"},"canonical":"https:\/\/healthlinkdistributors.com\/?product=tubes-de-prelevement","og_locale":"fr_FR","og_type":"article","og_title":"Tubes de Pr\u00e9l\u00e8vement - healthlinkdistributors","og_description":"Tubes de Pr\u00e9l\u00e8vement st\u00e9riles avec bouchon \u00e0 vide interne couramment utilis\u00e9s pour pr\u00e9lever des \u00e9chantillons de sang veineux ; les produits sont disponibles dans divers mat\u00e9riaux, avec divers types de bouchons et anticoagulants.Les tubes de pr\u00e9l\u00e8vement de sang \u00e0 vide sont scell\u00e9s, \u00e0 usage unique, \u00e0 bouchon, utilis\u00e9s avec des aiguilles et des tubes de pr\u00e9l\u00e8vement appropri\u00e9s pour le pr\u00e9l\u00e8vement s\u00fbr et st\u00e9rile d\u2019\u00e9chantillons de sang provenant de sujets humains ou animaux. Ils sont partiellement sous vide pour faciliter le pr\u00e9l\u00e8vement sanguin lorsque l\u2019aiguille de pr\u00e9l\u00e8vement perce le bouchon. Les bouchons peuvent \u00eatre dot\u00e9s de codes couleur, en fonction des additifs des tubes ou de leur usage sp\u00e9cifique.","og_url":"https:\/\/healthlinkdistributors.com\/?product=tubes-de-prelevement","og_site_name":"healthlinkdistributors","article_publisher":"https:\/\/www.facebook.com\/share\/1C3ZdXDcGK\/?mibextid=wwXIfr","article_modified_time":"2025-11-26T15:00:27+00:00","twitter_card":"summary_large_image","twitter_misc":{"Dur\u00e9e de lecture estim\u00e9e":"1 minute"},"schema":{"@context":"https:\/\/schema.org","@graph":[{"@type":"WebPage","@id":"https:\/\/healthlinkdistributors.com\/?product=tubes-de-prelevement","url":"https:\/\/healthlinkdistributors.com\/?product=tubes-de-prelevement","name":"Tubes de Pr\u00e9l\u00e8vement - healthlinkdistributors","isPartOf":{"@id":"https:\/\/healthlinkdistributors.com\/#website"},"primaryImageOfPage":{"@id":"https:\/\/healthlinkdistributors.com\/?product=tubes-de-prelevement#primaryimage"},"image":{"@id":"https:\/\/healthlinkdistributors.com\/?product=tubes-de-prelevement#primaryimage"},"thumbnailUrl":"https:\/\/healthlinkdistributors.com\/wp-content\/uploads\/2024\/11\/Blood-Collection-Tube-Machine-Production-Line-Vacuum-Blood-Collection-Tubes-with-Gel.avif","datePublished":"2024-11-06T10:43:36+00:00","dateModified":"2025-11-26T15:00:27+00:00","description":"Tubes de Pr\u00e9l\u00e8vement st\u00e9riles avec bouchon \u00e0 vide interne couramment utilis\u00e9s pour pr\u00e9lever des \u00e9chantillons de sang veineux ; les produits sont disponibles dans divers mat\u00e9riaux, avec divers types de bouchons et anticoagulants.Les tubes de pr\u00e9l\u00e8vement de sang \u00e0 vide sont scell\u00e9s, \u00e0 usage unique, \u00e0 bouchon, utilis\u00e9s avec des aiguilles et des tubes de pr\u00e9l\u00e8vement appropri\u00e9s pour le pr\u00e9l\u00e8vement s\u00fbr et st\u00e9rile d\u2019\u00e9chantillons de sang provenant de sujets humains ou animaux. Ils sont partiellement sous vide pour faciliter le pr\u00e9l\u00e8vement sanguin lorsque l\u2019aiguille de pr\u00e9l\u00e8vement perce le bouchon. Les bouchons peuvent \u00eatre dot\u00e9s de codes couleur, en fonction des additifs des tubes ou de leur usage sp\u00e9cifique.","breadcrumb":{"@id":"https:\/\/healthlinkdistributors.com\/?product=tubes-de-prelevement#breadcrumb"},"inLanguage":"fr-FR","potentialAction":[{"@type":"ReadAction","target":["https:\/\/healthlinkdistributors.com\/?product=tubes-de-prelevement"]}]},{"@type":"ImageObject","inLanguage":"fr-FR","@id":"https:\/\/healthlinkdistributors.com\/?product=tubes-de-prelevement#primaryimage","url":"https:\/\/healthlinkdistributors.com\/wp-content\/uploads\/2024\/11\/Blood-Collection-Tube-Machine-Production-Line-Vacuum-Blood-Collection-Tubes-with-Gel.avif","contentUrl":"https:\/\/healthlinkdistributors.com\/wp-content\/uploads\/2024\/11\/Blood-Collection-Tube-Machine-Production-Line-Vacuum-Blood-Collection-Tubes-with-Gel.avif","width":550,"height":550},{"@type":"BreadcrumbList","@id":"https:\/\/healthlinkdistributors.com\/?product=tubes-de-prelevement#breadcrumb","itemListElement":[{"@type":"ListItem","position":1,"name":"Accueil","item":"https:\/\/healthlinkdistributors.com\/"},{"@type":"ListItem","position":2,"name":"Boutique","item":"https:\/\/healthlinkdistributors.com\/?page_id=1526"},{"@type":"ListItem","position":3,"name":"Tubes de Pr\u00e9l\u00e8vement"}]},{"@type":"WebSite","@id":"https:\/\/healthlinkdistributors.com\/#website","url":"https:\/\/healthlinkdistributors.com\/","name":"healthlinkdistributors","description":"","publisher":{"@id":"https:\/\/healthlinkdistributors.com\/#organization"},"potentialAction":[{"@type":"SearchAction","target":{"@type":"EntryPoint","urlTemplate":"https:\/\/healthlinkdistributors.com\/?s={search_term_string}"},"query-input":{"@type":"PropertyValueSpecification","valueRequired":true,"valueName":"search_term_string"}}],"inLanguage":"fr-FR"},{"@type":"Organization","@id":"https:\/\/healthlinkdistributors.com\/#organization","name":"healthlinkdistributors","url":"https:\/\/healthlinkdistributors.com\/","logo":{"@type":"ImageObject","inLanguage":"fr-FR","@id":"https:\/\/healthlinkdistributors.com\/#\/schema\/logo\/image\/","url":"https:\/\/healthlinkdistributors.com\/wp-content\/uploads\/2024\/11\/cropped-IMG_8390.png","contentUrl":"https:\/\/healthlinkdistributors.com\/wp-content\/uploads\/2024\/11\/cropped-IMG_8390.png","width":572,"height":202,"caption":"healthlinkdistributors"},"image":{"@id":"https:\/\/healthlinkdistributors.com\/#\/schema\/logo\/image\/"},"sameAs":["https:\/\/www.facebook.com\/share\/1C3ZdXDcGK\/?mibextid=wwXIfr"]}]}},"jetpack_sharing_enabled":true,"uagb_featured_image_src":{"full":["https:\/\/healthlinkdistributors.com\/wp-content\/uploads\/2024\/11\/Blood-Collection-Tube-Machine-Production-Line-Vacuum-Blood-Collection-Tubes-with-Gel.avif",550,550,false],"thumbnail":["https:\/\/healthlinkdistributors.com\/wp-content\/uploads\/2024\/11\/Blood-Collection-Tube-Machine-Production-Line-Vacuum-Blood-Collection-Tubes-with-Gel-150x150.avif",150,150,true],"medium":["https:\/\/healthlinkdistributors.com\/wp-content\/uploads\/2024\/11\/Blood-Collection-Tube-Machine-Production-Line-Vacuum-Blood-Collection-Tubes-with-Gel-300x300.avif",300,300,true],"medium_large":["https:\/\/healthlinkdistributors.com\/wp-content\/uploads\/2024\/11\/Blood-Collection-Tube-Machine-Production-Line-Vacuum-Blood-Collection-Tubes-with-Gel.avif",550,550,false],"large":["https:\/\/healthlinkdistributors.com\/wp-content\/uploads\/2024\/11\/Blood-Collection-Tube-Machine-Production-Line-Vacuum-Blood-Collection-Tubes-with-Gel.avif",550,550,false],"1536x1536":["https:\/\/healthlinkdistributors.com\/wp-content\/uploads\/2024\/11\/Blood-Collection-Tube-Machine-Production-Line-Vacuum-Blood-Collection-Tubes-with-Gel.avif",550,550,false],"2048x2048":["https:\/\/healthlinkdistributors.com\/wp-content\/uploads\/2024\/11\/Blood-Collection-Tube-Machine-Production-Line-Vacuum-Blood-Collection-Tubes-with-Gel.avif",550,550,false],"mailpoet_newsletter_max":["https:\/\/healthlinkdistributors.com\/wp-content\/uploads\/2024\/11\/Blood-Collection-Tube-Machine-Production-Line-Vacuum-Blood-Collection-Tubes-with-Gel.avif",550,550,false],"woocommerce_thumbnail":["https:\/\/healthlinkdistributors.com\/wp-content\/uploads\/2024\/11\/Blood-Collection-Tube-Machine-Production-Line-Vacuum-Blood-Collection-Tubes-with-Gel-300x300.avif",300,300,true],"woocommerce_single":["https:\/\/healthlinkdistributors.com\/wp-content\/uploads\/2024\/11\/Blood-Collection-Tube-Machine-Production-Line-Vacuum-Blood-Collection-Tubes-with-Gel.avif",550,550,false],"woocommerce_gallery_thumbnail":["https:\/\/healthlinkdistributors.com\/wp-content\/uploads\/2024\/11\/Blood-Collection-Tube-Machine-Production-Line-Vacuum-Blood-Collection-Tubes-with-Gel-100x100.avif",100,100,true]},"uagb_author_info":{"display_name":"Healthlink","author_link":"https:\/\/healthlinkdistributors.com\/?author=0"},"uagb_comment_info":3,"uagb_excerpt":"Types de tubes de pr\u00e9l\u00e8vement de sang \u00e0 vide \u2022 Tube avec bouchon rouge : tubes lisses sans additif ; pour \u00e9chantillons de s\u00e9rum \u2022 Tube avec bouchon violet : contiennent un anticoagulant EDTA ; pour les proc\u00e9dures d\u2019h\u00e9matologie clinique \u2022 Tube avec bouchon vert : contiennent de l\u2019h\u00e9parine ; pour les \u00e9chantillons de plasma\u2026","_links":{"self":[{"href":"https:\/\/healthlinkdistributors.com\/index.php?rest_route=\/wp\/v2\/product\/1579"}],"collection":[{"href":"https:\/\/healthlinkdistributors.com\/index.php?rest_route=\/wp\/v2\/product"}],"about":[{"href":"https:\/\/healthlinkdistributors.com\/index.php?rest_route=\/wp\/v2\/types\/product"}],"replies":[{"embeddable":true,"href":"https:\/\/healthlinkdistributors.com\/index.php?rest_route=%2Fwp%2Fv2%2Fcomments&post=1579"}],"version-history":[{"count":4,"href":"https:\/\/healthlinkdistributors.com\/index.php?rest_route=\/wp\/v2\/product\/1579\/revisions"}],"predecessor-version":[{"id":1964,"href":"https:\/\/healthlinkdistributors.com\/index.php?rest_route=\/wp\/v2\/product\/1579\/revisions\/1964"}],"wp:featuredmedia":[{"embeddable":true,"href":"https:\/\/healthlinkdistributors.com\/index.php?rest_route=\/wp\/v2\/media\/1636"}],"wp:attachment":[{"href":"https:\/\/healthlinkdistributors.com\/index.php?rest_route=%2Fwp%2Fv2%2Fmedia&parent=1579"}],"wp:term":[{"taxonomy":"product_brand","embeddable":true,"href":"https:\/\/healthlinkdistributors.com\/index.php?rest_route=%2Fwp%2Fv2%2Fproduct_brand&post=1579"},{"taxonomy":"product_cat","embeddable":true,"href":"https:\/\/healthlinkdistributors.com\/index.php?rest_route=%2Fwp%2Fv2%2Fproduct_cat&post=1579"},{"taxonomy":"product_tag","embeddable":true,"href":"https:\/\/healthlinkdistributors.com\/index.php?rest_route=%2Fwp%2Fv2%2Fproduct_tag&post=1579"}],"curies":[{"name":"wp","href":"https:\/\/api.w.org\/{rel}","templated":true}]}}